{"id":8563,"date":"2025-01-24T09:29:02","date_gmt":"2025-01-24T08:29:02","guid":{"rendered":"https:\/\/www.sams-industrie.fr\/product\/guide-carton-reference-700-308-035\/"},"modified":"2025-02-19T11:37:29","modified_gmt":"2025-02-19T10:37:29","slug":"guide-carton-reference-700-308-035","status":"publish","type":"product","link":"https:\/\/www.sams-industrie.fr\/en\/product\/guide-carton-reference-700-308-035\/","title":{"rendered":"Cardboard guide<br> Reference 700-308-035"},"content":{"rendered":"","protected":false},"excerpt":{"rendered":"<p>RAPIDEX RAPIDLINE 13<br \/> R\u00e9f\u00e9rence constructeur : 700-308-035<br \/> R\u00e9f\u00e9rences \u00e9quivalentes : 700308035 \/ M700308035 \/ RAP700308035<\/p>","protected":false},"featured_media":0,"comment_status":"open","ping_status":"closed","template":"","meta":[],"_links":{"self":[{"href":"https:\/\/www.sams-industrie.fr\/en\/wp-json\/wp\/v2\/product\/8563"}],"collection":[{"href":"https:\/\/www.sams-industrie.fr\/en\/wp-json\/wp\/v2\/product"}],"about":[{"href":"https:\/\/www.sams-industrie.fr\/en\/wp-json\/wp\/v2\/types\/product"}],"replies":[{"embeddable":true,"href":"https:\/\/www.sams-industrie.fr\/en\/wp-json\/wp\/v2\/comments?post=8563"}],"wp:attachment":[{"href":"https:\/\/www.sams-industrie.fr\/en\/wp-json\/wp\/v2\/media?parent=8563"}],"curies":[{"name":"wp","href":"https:\/\/api.w.org\/{rel}","templated":true}]}}