{"id":8562,"date":"2025-01-24T09:29:01","date_gmt":"2025-01-24T08:29:01","guid":{"rendered":"https:\/\/www.sams-industrie.fr\/product\/guide-carton-reference-700-308-034\/"},"modified":"2025-02-19T11:37:28","modified_gmt":"2025-02-19T10:37:28","slug":"guide-carton-reference-700-308-034","status":"publish","type":"product","link":"https:\/\/www.sams-industrie.fr\/en\/product\/guide-carton-reference-700-308-034\/","title":{"rendered":"Cardboard guide<br> Reference 700-308-034"},"content":{"rendered":"","protected":false},"excerpt":{"rendered":"<p>RAPIDEX RAPIDLINE 13<br \/> R\u00e9f\u00e9rence constructeur : 700-308-034<br \/> R\u00e9f\u00e9rences \u00e9quivalentes : 700308034 \/ M700308034 \/ RAP700308034<\/p>","protected":false},"featured_media":0,"comment_status":"open","ping_status":"closed","template":"","meta":[],"_links":{"self":[{"href":"https:\/\/www.sams-industrie.fr\/en\/wp-json\/wp\/v2\/product\/8562"}],"collection":[{"href":"https:\/\/www.sams-industrie.fr\/en\/wp-json\/wp\/v2\/product"}],"about":[{"href":"https:\/\/www.sams-industrie.fr\/en\/wp-json\/wp\/v2\/types\/product"}],"replies":[{"embeddable":true,"href":"https:\/\/www.sams-industrie.fr\/en\/wp-json\/wp\/v2\/comments?post=8562"}],"wp:attachment":[{"href":"https:\/\/www.sams-industrie.fr\/en\/wp-json\/wp\/v2\/media?parent=8562"}],"curies":[{"name":"wp","href":"https:\/\/api.w.org\/{rel}","templated":true}]}}