{"id":8560,"date":"2025-01-24T09:29:00","date_gmt":"2025-01-24T08:29:00","guid":{"rendered":"https:\/\/www.sams-industrie.fr\/product\/ejecteur-de-dechets-reference-700-306-025\/"},"modified":"2025-02-19T11:37:27","modified_gmt":"2025-02-19T10:37:27","slug":"ejecteur-de-dechets-reference-700-306-025","status":"publish","type":"product","link":"https:\/\/www.sams-industrie.fr\/en\/product\/ejecteur-de-dechets-reference-700-306-025\/","title":{"rendered":"Waste ejector<br> Reference 700-306-025"},"content":{"rendered":"","protected":false},"excerpt":{"rendered":"<p>RAPIDEX RAPIDLINE 13<br \/> R\u00e9f\u00e9rence constructeur : 700-306-025<br \/> R\u00e9f\u00e9rences \u00e9quivalentes : 700306025 \/ M700306025 \/ RAP700306025<\/p>","protected":false},"featured_media":0,"comment_status":"open","ping_status":"closed","template":"","meta":[],"_links":{"self":[{"href":"https:\/\/www.sams-industrie.fr\/en\/wp-json\/wp\/v2\/product\/8560"}],"collection":[{"href":"https:\/\/www.sams-industrie.fr\/en\/wp-json\/wp\/v2\/product"}],"about":[{"href":"https:\/\/www.sams-industrie.fr\/en\/wp-json\/wp\/v2\/types\/product"}],"replies":[{"embeddable":true,"href":"https:\/\/www.sams-industrie.fr\/en\/wp-json\/wp\/v2\/comments?post=8560"}],"wp:attachment":[{"href":"https:\/\/www.sams-industrie.fr\/en\/wp-json\/wp\/v2\/media?parent=8560"}],"curies":[{"name":"wp","href":"https:\/\/api.w.org\/{rel}","templated":true}]}}