{"id":8559,"date":"2025-01-24T09:28:59","date_gmt":"2025-01-24T08:28:59","guid":{"rendered":"https:\/\/www.sams-industrie.fr\/product\/plaque-porte-poignee-reference-700-321-003\/"},"modified":"2025-02-19T11:37:26","modified_gmt":"2025-02-19T10:37:26","slug":"plaque-porte-poignee-reference-700-321-003","status":"publish","type":"product","link":"https:\/\/www.sams-industrie.fr\/en\/product\/plaque-porte-poignee-reference-700-321-003\/","title":{"rendered":"Door handle plate<br> Reference 700-321-003"},"content":{"rendered":"","protected":false},"excerpt":{"rendered":"<p>RAPIDEX RAPIDLINE 13<br \/> R\u00e9f\u00e9rence constructeur : 700-321-003<br \/> R\u00e9f\u00e9rences \u00e9quivalentes : 700321003 \/ M700321003 \/ RAP700321003<\/p>","protected":false},"featured_media":0,"comment_status":"open","ping_status":"closed","template":"","meta":[],"_links":{"self":[{"href":"https:\/\/www.sams-industrie.fr\/en\/wp-json\/wp\/v2\/product\/8559"}],"collection":[{"href":"https:\/\/www.sams-industrie.fr\/en\/wp-json\/wp\/v2\/product"}],"about":[{"href":"https:\/\/www.sams-industrie.fr\/en\/wp-json\/wp\/v2\/types\/product"}],"replies":[{"embeddable":true,"href":"https:\/\/www.sams-industrie.fr\/en\/wp-json\/wp\/v2\/comments?post=8559"}],"wp:attachment":[{"href":"https:\/\/www.sams-industrie.fr\/en\/wp-json\/wp\/v2\/media?parent=8559"}],"curies":[{"name":"wp","href":"https:\/\/api.w.org\/{rel}","templated":true}]}}