{"id":8557,"date":"2025-01-24T09:28:58","date_gmt":"2025-01-24T08:28:58","guid":{"rendered":"https:\/\/www.sams-industrie.fr\/product\/encocheur-reference-700-306-007\/"},"modified":"2025-02-19T11:37:25","modified_gmt":"2025-02-19T10:37:25","slug":"encocheur-reference-700-306-007","status":"publish","type":"product","link":"https:\/\/www.sams-industrie.fr\/en\/product\/encocheur-reference-700-306-007\/","title":{"rendered":"Notcher<br> Reference 700-306-007"},"content":{"rendered":"","protected":false},"excerpt":{"rendered":"<p>RAPIDEX RAPIDLINE 13<br \/> R\u00e9f\u00e9rence constructeur : 700-306-007<br \/> R\u00e9f\u00e9rences \u00e9quivalentes : 700306007 \/ M700306007 \/ RAP700306007<\/p>","protected":false},"featured_media":0,"comment_status":"open","ping_status":"closed","template":"","meta":[],"_links":{"self":[{"href":"https:\/\/www.sams-industrie.fr\/en\/wp-json\/wp\/v2\/product\/8557"}],"collection":[{"href":"https:\/\/www.sams-industrie.fr\/en\/wp-json\/wp\/v2\/product"}],"about":[{"href":"https:\/\/www.sams-industrie.fr\/en\/wp-json\/wp\/v2\/types\/product"}],"replies":[{"embeddable":true,"href":"https:\/\/www.sams-industrie.fr\/en\/wp-json\/wp\/v2\/comments?post=8557"}],"wp:attachment":[{"href":"https:\/\/www.sams-industrie.fr\/en\/wp-json\/wp\/v2\/media?parent=8557"}],"curies":[{"name":"wp","href":"https:\/\/api.w.org\/{rel}","templated":true}]}}