{"id":8556,"date":"2025-01-24T09:28:58","date_gmt":"2025-01-24T08:28:58","guid":{"rendered":"https:\/\/www.sams-industrie.fr\/product\/guide-refouleur-reference-700-308-007\/"},"modified":"2025-02-19T11:37:24","modified_gmt":"2025-02-19T10:37:24","slug":"guide-refouleur-reference-700-308-007","status":"publish","type":"product","link":"https:\/\/www.sams-industrie.fr\/en\/product\/guide-refouleur-reference-700-308-007\/","title":{"rendered":"Refouler guide<br> Reference 700-308-007"},"content":{"rendered":"","protected":false},"excerpt":{"rendered":"<p>RAPIDEX RAPIDLINE 13<br \/> R\u00e9f\u00e9rence constructeur : 700-308-007<br \/> R\u00e9f\u00e9rences \u00e9quivalentes : 700308007 \/ M700308007 \/ RAP700308007<\/p>","protected":false},"featured_media":0,"comment_status":"open","ping_status":"closed","template":"","meta":[],"_links":{"self":[{"href":"https:\/\/www.sams-industrie.fr\/en\/wp-json\/wp\/v2\/product\/8556"}],"collection":[{"href":"https:\/\/www.sams-industrie.fr\/en\/wp-json\/wp\/v2\/product"}],"about":[{"href":"https:\/\/www.sams-industrie.fr\/en\/wp-json\/wp\/v2\/types\/product"}],"replies":[{"embeddable":true,"href":"https:\/\/www.sams-industrie.fr\/en\/wp-json\/wp\/v2\/comments?post=8556"}],"wp:attachment":[{"href":"https:\/\/www.sams-industrie.fr\/en\/wp-json\/wp\/v2\/media?parent=8556"}],"curies":[{"name":"wp","href":"https:\/\/api.w.org\/{rel}","templated":true}]}}