{"id":8554,"date":"2025-01-24T09:28:54","date_gmt":"2025-01-24T08:28:54","guid":{"rendered":"https:\/\/www.sams-industrie.fr\/product\/guide-encocheur-reference-700-308-008\/"},"modified":"2025-02-19T11:37:22","modified_gmt":"2025-02-19T10:37:22","slug":"guide-encocheur-reference-700-308-008","status":"publish","type":"product","link":"https:\/\/www.sams-industrie.fr\/en\/product\/guide-encocheur-reference-700-308-008\/","title":{"rendered":"Notching guide<br> Reference 700-308-008"},"content":{"rendered":"","protected":false},"excerpt":{"rendered":"<p>RAPIDEX RAPIDLINE 13<br \/> R\u00e9f\u00e9rence constructeur : 700-308-008<br \/> R\u00e9f\u00e9rences \u00e9quivalentes : 700308008 \/ M700308008 \/ RAP700308008<\/p>","protected":false},"featured_media":0,"comment_status":"open","ping_status":"closed","template":"","meta":[],"_links":{"self":[{"href":"https:\/\/www.sams-industrie.fr\/en\/wp-json\/wp\/v2\/product\/8554"}],"collection":[{"href":"https:\/\/www.sams-industrie.fr\/en\/wp-json\/wp\/v2\/product"}],"about":[{"href":"https:\/\/www.sams-industrie.fr\/en\/wp-json\/wp\/v2\/types\/product"}],"replies":[{"embeddable":true,"href":"https:\/\/www.sams-industrie.fr\/en\/wp-json\/wp\/v2\/comments?post=8554"}],"wp:attachment":[{"href":"https:\/\/www.sams-industrie.fr\/en\/wp-json\/wp\/v2\/media?parent=8554"}],"curies":[{"name":"wp","href":"https:\/\/api.w.org\/{rel}","templated":true}]}}