{"id":8552,"date":"2025-01-24T09:28:53","date_gmt":"2025-01-24T08:28:53","guid":{"rendered":"https:\/\/www.sams-industrie.fr\/product\/arbre-cinematique-droit-reference-700-105-503\/"},"modified":"2025-02-19T11:37:21","modified_gmt":"2025-02-19T10:37:21","slug":"arbre-cinematique-droit-reference-700-105-503","status":"publish","type":"product","link":"https:\/\/www.sams-industrie.fr\/en\/product\/arbre-cinematique-droit-reference-700-105-503\/","title":{"rendered":"Right kinematic tree<br> Reference 700-105-503"},"content":{"rendered":"","protected":false},"excerpt":{"rendered":"<p>RAPIDEX RAPIDLINE 13<br \/> R\u00e9f\u00e9rence constructeur : 700-105-503<br \/> R\u00e9f\u00e9rences \u00e9quivalentes : 700105503 \/ M700105503 \/ RAP700105503<\/p>","protected":false},"featured_media":0,"comment_status":"open","ping_status":"closed","template":"","meta":[],"_links":{"self":[{"href":"https:\/\/www.sams-industrie.fr\/en\/wp-json\/wp\/v2\/product\/8552"}],"collection":[{"href":"https:\/\/www.sams-industrie.fr\/en\/wp-json\/wp\/v2\/product"}],"about":[{"href":"https:\/\/www.sams-industrie.fr\/en\/wp-json\/wp\/v2\/types\/product"}],"replies":[{"embeddable":true,"href":"https:\/\/www.sams-industrie.fr\/en\/wp-json\/wp\/v2\/comments?post=8552"}],"wp:attachment":[{"href":"https:\/\/www.sams-industrie.fr\/en\/wp-json\/wp\/v2\/media?parent=8552"}],"curies":[{"name":"wp","href":"https:\/\/api.w.org\/{rel}","templated":true}]}}