{"id":8548,"date":"2025-01-24T09:28:51","date_gmt":"2025-01-24T08:28:51","guid":{"rendered":"https:\/\/www.sams-industrie.fr\/product\/recuperateur-droit-reference-700-109-509\/"},"modified":"2025-04-17T15:53:52","modified_gmt":"2025-04-17T13:53:52","slug":"recuperateur-droit-reference-700-109-509","status":"publish","type":"product","link":"https:\/\/www.sams-industrie.fr\/en\/product\/recuperateur-droit-reference-700-109-509\/","title":{"rendered":"Right recuperator<br> Reference 700-109-509"},"content":{"rendered":"","protected":false},"excerpt":{"rendered":"<p>RAPIDEX RAPIDLINE 13<br \/>\nR\u00e9f\u00e9rence constructeur : 700-109-509<br \/>\nR\u00e9f\u00e9rences \u00e9quivalentes : 700109509 \/ M700109509 \/ RAP700109509<\/p>","protected":false},"featured_media":11321,"comment_status":"open","ping_status":"closed","template":"","meta":[],"_links":{"self":[{"href":"https:\/\/www.sams-industrie.fr\/en\/wp-json\/wp\/v2\/product\/8548"}],"collection":[{"href":"https:\/\/www.sams-industrie.fr\/en\/wp-json\/wp\/v2\/product"}],"about":[{"href":"https:\/\/www.sams-industrie.fr\/en\/wp-json\/wp\/v2\/types\/product"}],"replies":[{"embeddable":true,"href":"https:\/\/www.sams-industrie.fr\/en\/wp-json\/wp\/v2\/comments?post=8548"}],"wp:featuredmedia":[{"embeddable":true,"href":"https:\/\/www.sams-industrie.fr\/en\/wp-json\/wp\/v2\/media\/11321"}],"wp:attachment":[{"href":"https:\/\/www.sams-industrie.fr\/en\/wp-json\/wp\/v2\/media?parent=8548"}],"curies":[{"name":"wp","href":"https:\/\/api.w.org\/{rel}","templated":true}]}}