{"id":8547,"date":"2025-01-24T09:28:50","date_gmt":"2025-01-24T08:28:50","guid":{"rendered":"https:\/\/www.sams-industrie.fr\/product\/arbre-commande-de-caisson-reference-700-103-638-lc\/"},"modified":"2025-02-19T11:37:17","modified_gmt":"2025-02-19T10:37:17","slug":"arbre-commande-de-caisson-reference-700-103-638-lc","status":"publish","type":"product","link":"https:\/\/www.sams-industrie.fr\/en\/product\/arbre-commande-de-caisson-reference-700-103-638-lc\/","title":{"rendered":"Box control tree<br> Reference 700-103-638 LC"},"content":{"rendered":"","protected":false},"excerpt":{"rendered":"<p>RAPIDEX RAPIDLINE 13<br \/> R\u00e9f\u00e9rence constructeur : 700-103-638 LC<br \/> R\u00e9f\u00e9rences \u00e9quivalentes : 700103638 LC \/ M700103638 LC \/ RAP700103638 LC<\/p>","protected":false},"featured_media":0,"comment_status":"open","ping_status":"closed","template":"","meta":[],"_links":{"self":[{"href":"https:\/\/www.sams-industrie.fr\/en\/wp-json\/wp\/v2\/product\/8547"}],"collection":[{"href":"https:\/\/www.sams-industrie.fr\/en\/wp-json\/wp\/v2\/product"}],"about":[{"href":"https:\/\/www.sams-industrie.fr\/en\/wp-json\/wp\/v2\/types\/product"}],"replies":[{"embeddable":true,"href":"https:\/\/www.sams-industrie.fr\/en\/wp-json\/wp\/v2\/comments?post=8547"}],"wp:attachment":[{"href":"https:\/\/www.sams-industrie.fr\/en\/wp-json\/wp\/v2\/media?parent=8547"}],"curies":[{"name":"wp","href":"https:\/\/api.w.org\/{rel}","templated":true}]}}