{"id":8544,"date":"2025-01-24T09:28:48","date_gmt":"2025-01-24T08:28:48","guid":{"rendered":"https:\/\/www.sams-industrie.fr\/product\/poulie-syncro-trame-caoutchoute-reference-700-114-552\/"},"modified":"2025-02-19T11:37:13","modified_gmt":"2025-02-19T10:37:13","slug":"poulie-syncro-trame-caoutchoute-reference-700-114-552","status":"publish","type":"product","link":"https:\/\/www.sams-industrie.fr\/en\/product\/poulie-syncro-trame-caoutchoute-reference-700-114-552\/","title":{"rendered":"Rubberized woven syncro pulley<br> Reference 700-114-552"},"content":{"rendered":"","protected":false},"excerpt":{"rendered":"<p>RAPIDEX RAPIDLINE 13<br \/> R\u00e9f\u00e9rence constructeur : 700-114-552<br \/> R\u00e9f\u00e9rences \u00e9quivalentes : 700114552 \/ M700114552 \/ RAP700114552<\/p>","protected":false},"featured_media":0,"comment_status":"open","ping_status":"closed","template":"","meta":[],"_links":{"self":[{"href":"https:\/\/www.sams-industrie.fr\/en\/wp-json\/wp\/v2\/product\/8544"}],"collection":[{"href":"https:\/\/www.sams-industrie.fr\/en\/wp-json\/wp\/v2\/product"}],"about":[{"href":"https:\/\/www.sams-industrie.fr\/en\/wp-json\/wp\/v2\/types\/product"}],"replies":[{"embeddable":true,"href":"https:\/\/www.sams-industrie.fr\/en\/wp-json\/wp\/v2\/comments?post=8544"}],"wp:attachment":[{"href":"https:\/\/www.sams-industrie.fr\/en\/wp-json\/wp\/v2\/media?parent=8544"}],"curies":[{"name":"wp","href":"https:\/\/api.w.org\/{rel}","templated":true}]}}