{"id":8543,"date":"2025-01-24T09:28:48","date_gmt":"2025-01-24T08:28:48","guid":{"rendered":"https:\/\/www.sams-industrie.fr\/product\/cylindre-trame-ceramique-reference-700-109-001-lc\/"},"modified":"2025-02-19T11:37:12","modified_gmt":"2025-02-19T10:37:12","slug":"cylindre-trame-ceramique-reference-700-109-001-lc","status":"publish","type":"product","link":"https:\/\/www.sams-industrie.fr\/en\/product\/cylindre-trame-ceramique-reference-700-109-001-lc\/","title":{"rendered":"Ceramic screened cylinder<br> Reference 700-109-001 LC"},"content":{"rendered":"","protected":false},"excerpt":{"rendered":"<p>RAPIDEX RAPIDLINE 13<br \/> R\u00e9f\u00e9rence constructeur : 700-109-001 LC<br \/> R\u00e9f\u00e9rences \u00e9quivalentes : 700109001 LC \/ M700109001 LC \/ RAP700109001 LC<\/p>","protected":false},"featured_media":0,"comment_status":"open","ping_status":"closed","template":"","meta":[],"_links":{"self":[{"href":"https:\/\/www.sams-industrie.fr\/en\/wp-json\/wp\/v2\/product\/8543"}],"collection":[{"href":"https:\/\/www.sams-industrie.fr\/en\/wp-json\/wp\/v2\/product"}],"about":[{"href":"https:\/\/www.sams-industrie.fr\/en\/wp-json\/wp\/v2\/types\/product"}],"replies":[{"embeddable":true,"href":"https:\/\/www.sams-industrie.fr\/en\/wp-json\/wp\/v2\/comments?post=8543"}],"wp:attachment":[{"href":"https:\/\/www.sams-industrie.fr\/en\/wp-json\/wp\/v2\/media?parent=8543"}],"curies":[{"name":"wp","href":"https:\/\/api.w.org\/{rel}","templated":true}]}}