{"id":8541,"date":"2025-01-24T09:28:47","date_gmt":"2025-01-24T08:28:47","guid":{"rendered":"https:\/\/www.sams-industrie.fr\/product\/arbre-auxiliaire-trame-reference-700-114-525\/"},"modified":"2025-02-19T11:37:11","modified_gmt":"2025-02-19T10:37:11","slug":"arbre-auxiliaire-trame-reference-700-114-525","status":"publish","type":"product","link":"https:\/\/www.sams-industrie.fr\/en\/product\/arbre-auxiliaire-trame-reference-700-114-525\/","title":{"rendered":"Auxiliary shaft<br> Reference 700-114-525"},"content":{"rendered":"","protected":false},"excerpt":{"rendered":"<p>RAPIDEX RAPIDLINE 13<br \/> R\u00e9f\u00e9rence constructeur : 700-114-525<br \/> R\u00e9f\u00e9rences \u00e9quivalentes : 700114525 \/ M700114525 \/ RAP700114525<\/p>","protected":false},"featured_media":0,"comment_status":"open","ping_status":"closed","template":"","meta":[],"_links":{"self":[{"href":"https:\/\/www.sams-industrie.fr\/en\/wp-json\/wp\/v2\/product\/8541"}],"collection":[{"href":"https:\/\/www.sams-industrie.fr\/en\/wp-json\/wp\/v2\/product"}],"about":[{"href":"https:\/\/www.sams-industrie.fr\/en\/wp-json\/wp\/v2\/types\/product"}],"replies":[{"embeddable":true,"href":"https:\/\/www.sams-industrie.fr\/en\/wp-json\/wp\/v2\/comments?post=8541"}],"wp:attachment":[{"href":"https:\/\/www.sams-industrie.fr\/en\/wp-json\/wp\/v2\/media?parent=8541"}],"curies":[{"name":"wp","href":"https:\/\/api.w.org\/{rel}","templated":true}]}}