{"id":8540,"date":"2025-01-24T09:28:46","date_gmt":"2025-01-24T08:28:46","guid":{"rendered":"https:\/\/www.sams-industrie.fr\/product\/entretoise-arbre-auxiliaire-trame-reference-700-114-508\/"},"modified":"2025-02-19T11:37:10","modified_gmt":"2025-02-19T10:37:10","slug":"entretoise-arbre-auxiliaire-trame-reference-700-114-508","status":"publish","type":"product","link":"https:\/\/www.sams-industrie.fr\/en\/product\/entretoise-arbre-auxiliaire-trame-reference-700-114-508\/","title":{"rendered":"Auxiliary shaft spacer<br> Reference 700-114-508"},"content":{"rendered":"","protected":false},"excerpt":{"rendered":"<p>RAPIDEX RAPIDLINE 13<br \/> R\u00e9f\u00e9rence constructeur : 700-114-508<br \/> R\u00e9f\u00e9rences \u00e9quivalentes : 700114508 \/ M700114508 \/ RAP700114508<\/p>","protected":false},"featured_media":0,"comment_status":"open","ping_status":"closed","template":"","meta":[],"_links":{"self":[{"href":"https:\/\/www.sams-industrie.fr\/en\/wp-json\/wp\/v2\/product\/8540"}],"collection":[{"href":"https:\/\/www.sams-industrie.fr\/en\/wp-json\/wp\/v2\/product"}],"about":[{"href":"https:\/\/www.sams-industrie.fr\/en\/wp-json\/wp\/v2\/types\/product"}],"replies":[{"embeddable":true,"href":"https:\/\/www.sams-industrie.fr\/en\/wp-json\/wp\/v2\/comments?post=8540"}],"wp:attachment":[{"href":"https:\/\/www.sams-industrie.fr\/en\/wp-json\/wp\/v2\/media?parent=8540"}],"curies":[{"name":"wp","href":"https:\/\/api.w.org\/{rel}","templated":true}]}}