{"id":8539,"date":"2025-01-24T09:28:45","date_gmt":"2025-01-24T08:28:45","guid":{"rendered":"https:\/\/www.sams-industrie.fr\/product\/entretoise-arbre-auxiliaire-trame-reference-700-114-507\/"},"modified":"2025-02-19T11:37:09","modified_gmt":"2025-02-19T10:37:09","slug":"entretoise-arbre-auxiliaire-trame-reference-700-114-507","status":"publish","type":"product","link":"https:\/\/www.sams-industrie.fr\/en\/product\/entretoise-arbre-auxiliaire-trame-reference-700-114-507\/","title":{"rendered":"Auxiliary shaft spacer<br> Reference 700-114-507"},"content":{"rendered":"","protected":false},"excerpt":{"rendered":"<p>RAPIDEX RAPIDLINE 13<br \/> R\u00e9f\u00e9rence constructeur : 700-114-507<br \/> R\u00e9f\u00e9rences \u00e9quivalentes : 700114507 \/ M700114507 \/ RAP700114507<\/p>","protected":false},"featured_media":0,"comment_status":"open","ping_status":"closed","template":"","meta":[],"_links":{"self":[{"href":"https:\/\/www.sams-industrie.fr\/en\/wp-json\/wp\/v2\/product\/8539"}],"collection":[{"href":"https:\/\/www.sams-industrie.fr\/en\/wp-json\/wp\/v2\/product"}],"about":[{"href":"https:\/\/www.sams-industrie.fr\/en\/wp-json\/wp\/v2\/types\/product"}],"replies":[{"embeddable":true,"href":"https:\/\/www.sams-industrie.fr\/en\/wp-json\/wp\/v2\/comments?post=8539"}],"wp:attachment":[{"href":"https:\/\/www.sams-industrie.fr\/en\/wp-json\/wp\/v2\/media?parent=8539"}],"curies":[{"name":"wp","href":"https:\/\/api.w.org\/{rel}","templated":true}]}}