{"id":8538,"date":"2025-01-24T09:28:45","date_gmt":"2025-01-24T08:28:45","guid":{"rendered":"https:\/\/www.sams-industrie.fr\/product\/clavette-auxiliaire-trame-reference-700-114-506\/"},"modified":"2025-02-19T11:37:09","modified_gmt":"2025-02-19T10:37:09","slug":"clavette-auxiliaire-trame-reference-700-114-506","status":"publish","type":"product","link":"https:\/\/www.sams-industrie.fr\/en\/product\/clavette-auxiliaire-trame-reference-700-114-506\/","title":{"rendered":"Auxiliary keyway<br> Reference 700-114-506"},"content":{"rendered":"","protected":false},"excerpt":{"rendered":"<p>RAPIDEX RAPIDLINE 13<br \/> R\u00e9f\u00e9rence constructeur : 700-114-506<br \/> R\u00e9f\u00e9rences \u00e9quivalentes : 700114506 \/ M700114506 \/ RAP700114506<\/p>","protected":false},"featured_media":0,"comment_status":"open","ping_status":"closed","template":"","meta":[],"_links":{"self":[{"href":"https:\/\/www.sams-industrie.fr\/en\/wp-json\/wp\/v2\/product\/8538"}],"collection":[{"href":"https:\/\/www.sams-industrie.fr\/en\/wp-json\/wp\/v2\/product"}],"about":[{"href":"https:\/\/www.sams-industrie.fr\/en\/wp-json\/wp\/v2\/types\/product"}],"replies":[{"embeddable":true,"href":"https:\/\/www.sams-industrie.fr\/en\/wp-json\/wp\/v2\/comments?post=8538"}],"wp:attachment":[{"href":"https:\/\/www.sams-industrie.fr\/en\/wp-json\/wp\/v2\/media?parent=8538"}],"curies":[{"name":"wp","href":"https:\/\/api.w.org\/{rel}","templated":true}]}}