{"id":8537,"date":"2025-01-24T09:28:44","date_gmt":"2025-01-24T08:28:44","guid":{"rendered":"https:\/\/www.sams-industrie.fr\/product\/moyeu-lamex-reference-700-313-021\/"},"modified":"2025-02-19T11:37:08","modified_gmt":"2025-02-19T10:37:08","slug":"moyeu-lamex-reference-700-313-021","status":"publish","type":"product","link":"https:\/\/www.sams-industrie.fr\/en\/product\/moyeu-lamex-reference-700-313-021\/","title":{"rendered":"Lamex hub<br> Reference 700-313-021"},"content":{"rendered":"","protected":false},"excerpt":{"rendered":"<p>RAPIDEX RAPIDLINE 13<br \/> R\u00e9f\u00e9rence constructeur : 700-313-021<br \/> R\u00e9f\u00e9rences \u00e9quivalentes : 700313021 \/ M700313021 \/ RAP700313021<\/p>","protected":false},"featured_media":0,"comment_status":"open","ping_status":"closed","template":"","meta":[],"_links":{"self":[{"href":"https:\/\/www.sams-industrie.fr\/en\/wp-json\/wp\/v2\/product\/8537"}],"collection":[{"href":"https:\/\/www.sams-industrie.fr\/en\/wp-json\/wp\/v2\/product"}],"about":[{"href":"https:\/\/www.sams-industrie.fr\/en\/wp-json\/wp\/v2\/types\/product"}],"replies":[{"embeddable":true,"href":"https:\/\/www.sams-industrie.fr\/en\/wp-json\/wp\/v2\/comments?post=8537"}],"wp:attachment":[{"href":"https:\/\/www.sams-industrie.fr\/en\/wp-json\/wp\/v2\/media?parent=8537"}],"curies":[{"name":"wp","href":"https:\/\/api.w.org\/{rel}","templated":true}]}}