{"id":8536,"date":"2025-01-24T09:28:44","date_gmt":"2025-01-24T08:28:44","guid":{"rendered":"https:\/\/www.sams-industrie.fr\/product\/entraineur-superieur-reference-700-904-110-lc\/"},"modified":"2025-02-19T11:37:07","modified_gmt":"2025-02-19T10:37:07","slug":"entraineur-superieur-reference-700-904-110-lc","status":"publish","type":"product","link":"https:\/\/www.sams-industrie.fr\/en\/product\/entraineur-superieur-reference-700-904-110-lc\/","title":{"rendered":"Senior Coach<br> Reference 700-904-110 LC"},"content":{"rendered":"","protected":false},"excerpt":{"rendered":"<p>RAPIDEX RAPIDLINE 13<br \/> R\u00e9f\u00e9rence constructeur : 700-904-110 LC<br \/> R\u00e9f\u00e9rences \u00e9quivalentes : 700904110LC \/ M700904110LC \/ RAP700904110LC<\/p>","protected":false},"featured_media":0,"comment_status":"open","ping_status":"closed","template":"","meta":[],"_links":{"self":[{"href":"https:\/\/www.sams-industrie.fr\/en\/wp-json\/wp\/v2\/product\/8536"}],"collection":[{"href":"https:\/\/www.sams-industrie.fr\/en\/wp-json\/wp\/v2\/product"}],"about":[{"href":"https:\/\/www.sams-industrie.fr\/en\/wp-json\/wp\/v2\/types\/product"}],"replies":[{"embeddable":true,"href":"https:\/\/www.sams-industrie.fr\/en\/wp-json\/wp\/v2\/comments?post=8536"}],"wp:attachment":[{"href":"https:\/\/www.sams-industrie.fr\/en\/wp-json\/wp\/v2\/media?parent=8536"}],"curies":[{"name":"wp","href":"https:\/\/api.w.org\/{rel}","templated":true}]}}