{"id":8535,"date":"2025-01-24T09:28:43","date_gmt":"2025-01-24T08:28:43","guid":{"rendered":"https:\/\/www.sams-industrie.fr\/product\/joue-droite-fixe-reference-700-908-065\/"},"modified":"2025-02-19T11:37:07","modified_gmt":"2025-02-19T10:37:07","slug":"joue-droite-fixe-reference-700-908-065","status":"publish","type":"product","link":"https:\/\/www.sams-industrie.fr\/en\/product\/joue-droite-fixe-reference-700-908-065\/","title":{"rendered":"Fixed right cheek<br> Reference 700-908-065"},"content":{"rendered":"","protected":false},"excerpt":{"rendered":"<p>RAPIDEX RAPIDLINE 13<br \/> R\u00e9f\u00e9rence constructeur : 700-908-065<br \/> R\u00e9f\u00e9rences \u00e9quivalentes : 700908065 \/ M700908065 \/ RAP700908065<\/p>","protected":false},"featured_media":0,"comment_status":"open","ping_status":"closed","template":"","meta":[],"_links":{"self":[{"href":"https:\/\/www.sams-industrie.fr\/en\/wp-json\/wp\/v2\/product\/8535"}],"collection":[{"href":"https:\/\/www.sams-industrie.fr\/en\/wp-json\/wp\/v2\/product"}],"about":[{"href":"https:\/\/www.sams-industrie.fr\/en\/wp-json\/wp\/v2\/types\/product"}],"replies":[{"embeddable":true,"href":"https:\/\/www.sams-industrie.fr\/en\/wp-json\/wp\/v2\/comments?post=8535"}],"wp:attachment":[{"href":"https:\/\/www.sams-industrie.fr\/en\/wp-json\/wp\/v2\/media?parent=8535"}],"curies":[{"name":"wp","href":"https:\/\/api.w.org\/{rel}","templated":true}]}}