{"id":8533,"date":"2025-01-24T09:28:42","date_gmt":"2025-01-24T08:28:42","guid":{"rendered":"https:\/\/www.sams-industrie.fr\/product\/batteur-gauche-reference-700-908-110\/"},"modified":"2025-02-19T11:37:06","modified_gmt":"2025-02-19T10:37:06","slug":"batteur-gauche-reference-700-908-110","status":"publish","type":"product","link":"https:\/\/www.sams-industrie.fr\/en\/product\/batteur-gauche-reference-700-908-110\/","title":{"rendered":"Left drummer<br> Reference 700-908-110"},"content":{"rendered":"","protected":false},"excerpt":{"rendered":"<p>RAPIDEX RAPIDLINE 13<br \/> R\u00e9f\u00e9rence constructeur : 700-908-110<br \/> R\u00e9f\u00e9rences \u00e9quivalentes : 700908110 \/ M700908110 \/ RAP700908110<\/p>","protected":false},"featured_media":0,"comment_status":"open","ping_status":"closed","template":"","meta":[],"_links":{"self":[{"href":"https:\/\/www.sams-industrie.fr\/en\/wp-json\/wp\/v2\/product\/8533"}],"collection":[{"href":"https:\/\/www.sams-industrie.fr\/en\/wp-json\/wp\/v2\/product"}],"about":[{"href":"https:\/\/www.sams-industrie.fr\/en\/wp-json\/wp\/v2\/types\/product"}],"replies":[{"embeddable":true,"href":"https:\/\/www.sams-industrie.fr\/en\/wp-json\/wp\/v2\/comments?post=8533"}],"wp:attachment":[{"href":"https:\/\/www.sams-industrie.fr\/en\/wp-json\/wp\/v2\/media?parent=8533"}],"curies":[{"name":"wp","href":"https:\/\/api.w.org\/{rel}","templated":true}]}}