{"id":8531,"date":"2025-01-24T09:28:41","date_gmt":"2025-01-24T08:28:41","guid":{"rendered":"https:\/\/www.sams-industrie.fr\/product\/diabolo-de-guidage-reference-620-006-021\/"},"modified":"2025-02-19T11:37:04","modified_gmt":"2025-02-19T10:37:04","slug":"diabolo-de-guidage-reference-620-006-021","status":"publish","type":"product","link":"https:\/\/www.sams-industrie.fr\/en\/product\/diabolo-de-guidage-reference-620-006-021\/","title":{"rendered":"Guide Diabolo<br> Reference 620-006-021"},"content":{"rendered":"","protected":false},"excerpt":{"rendered":"<p>RAPIDEX RAPIDLINE 10<br \/> R\u00e9f\u00e9rence constructeur : 620-006-021<br \/> R\u00e9f\u00e9rences \u00e9quivalentes : 620006021 \/ M620006021 \/ RAP620006021<\/p>","protected":false},"featured_media":0,"comment_status":"open","ping_status":"closed","template":"","meta":[],"_links":{"self":[{"href":"https:\/\/www.sams-industrie.fr\/en\/wp-json\/wp\/v2\/product\/8531"}],"collection":[{"href":"https:\/\/www.sams-industrie.fr\/en\/wp-json\/wp\/v2\/product"}],"about":[{"href":"https:\/\/www.sams-industrie.fr\/en\/wp-json\/wp\/v2\/types\/product"}],"replies":[{"embeddable":true,"href":"https:\/\/www.sams-industrie.fr\/en\/wp-json\/wp\/v2\/comments?post=8531"}],"wp:attachment":[{"href":"https:\/\/www.sams-industrie.fr\/en\/wp-json\/wp\/v2\/media?parent=8531"}],"curies":[{"name":"wp","href":"https:\/\/api.w.org\/{rel}","templated":true}]}}