{"id":8530,"date":"2025-01-24T09:28:40","date_gmt":"2025-01-24T08:28:40","guid":{"rendered":"https:\/\/www.sams-industrie.fr\/product\/axe-galet-de-herse-reference-620-014-025\/"},"modified":"2025-02-19T11:37:04","modified_gmt":"2025-02-19T10:37:04","slug":"axe-galet-de-herse-reference-620-014-025","status":"publish","type":"product","link":"https:\/\/www.sams-industrie.fr\/en\/product\/axe-galet-de-herse-reference-620-014-025\/","title":{"rendered":"Harrow roller axle<br> Reference 620-014-025"},"content":{"rendered":"","protected":false},"excerpt":{"rendered":"<p>RAPIDEX RAPIDLINE 10<br \/> R\u00e9f\u00e9rence constructeur : 620-014-025<br \/> R\u00e9f\u00e9rences \u00e9quivalentes : 620014025 \/ M620014025 \/ RAP620014025<\/p>","protected":false},"featured_media":0,"comment_status":"open","ping_status":"closed","template":"","meta":[],"_links":{"self":[{"href":"https:\/\/www.sams-industrie.fr\/en\/wp-json\/wp\/v2\/product\/8530"}],"collection":[{"href":"https:\/\/www.sams-industrie.fr\/en\/wp-json\/wp\/v2\/product"}],"about":[{"href":"https:\/\/www.sams-industrie.fr\/en\/wp-json\/wp\/v2\/types\/product"}],"replies":[{"embeddable":true,"href":"https:\/\/www.sams-industrie.fr\/en\/wp-json\/wp\/v2\/comments?post=8530"}],"wp:attachment":[{"href":"https:\/\/www.sams-industrie.fr\/en\/wp-json\/wp\/v2\/media?parent=8530"}],"curies":[{"name":"wp","href":"https:\/\/api.w.org\/{rel}","templated":true}]}}