{"id":8529,"date":"2025-01-24T09:28:39","date_gmt":"2025-01-24T08:28:39","guid":{"rendered":"https:\/\/www.sams-industrie.fr\/product\/clavette-coulisseau-de-herse-reference-620-014-204\/"},"modified":"2025-02-19T11:37:03","modified_gmt":"2025-02-19T10:37:03","slug":"clavette-coulisseau-de-herse-reference-620-014-204","status":"publish","type":"product","link":"https:\/\/www.sams-industrie.fr\/en\/product\/clavette-coulisseau-de-herse-reference-620-014-204\/","title":{"rendered":"Harrow slide key<br> Reference 620-014-204"},"content":{"rendered":"","protected":false},"excerpt":{"rendered":"<p>RAPIDEX RAPIDLINE 10<br \/> R\u00e9f\u00e9rence constructeur : 620-014-204<br \/> R\u00e9f\u00e9rences \u00e9quivalentes : 620014204 \/ M620014204 \/ RAP620014204<\/p>","protected":false},"featured_media":0,"comment_status":"open","ping_status":"closed","template":"","meta":[],"_links":{"self":[{"href":"https:\/\/www.sams-industrie.fr\/en\/wp-json\/wp\/v2\/product\/8529"}],"collection":[{"href":"https:\/\/www.sams-industrie.fr\/en\/wp-json\/wp\/v2\/product"}],"about":[{"href":"https:\/\/www.sams-industrie.fr\/en\/wp-json\/wp\/v2\/types\/product"}],"replies":[{"embeddable":true,"href":"https:\/\/www.sams-industrie.fr\/en\/wp-json\/wp\/v2\/comments?post=8529"}],"wp:attachment":[{"href":"https:\/\/www.sams-industrie.fr\/en\/wp-json\/wp\/v2\/media?parent=8529"}],"curies":[{"name":"wp","href":"https:\/\/api.w.org\/{rel}","templated":true}]}}