{"id":8528,"date":"2025-01-24T09:28:39","date_gmt":"2025-01-24T08:28:39","guid":{"rendered":"https:\/\/www.sams-industrie.fr\/product\/coulisseau-galet-de-taquet-de-herse-reference-620-014-023\/"},"modified":"2025-02-19T11:37:02","modified_gmt":"2025-02-19T10:37:02","slug":"coulisseau-galet-de-taquet-de-herse-reference-620-014-023","status":"publish","type":"product","link":"https:\/\/www.sams-industrie.fr\/en\/product\/coulisseau-galet-de-taquet-de-herse-reference-620-014-023\/","title":{"rendered":"Harrow cleat roller slider<br> Reference 620-014-023"},"content":{"rendered":"","protected":false},"excerpt":{"rendered":"<p>RAPIDEX RAPIDLINE 10<br \/> R\u00e9f\u00e9rence constructeur : 620-014-023<br \/> R\u00e9f\u00e9rences \u00e9quivalentes : 620014023 \/ M620014023 \/ RAP620014023<\/p>","protected":false},"featured_media":0,"comment_status":"open","ping_status":"closed","template":"","meta":[],"_links":{"self":[{"href":"https:\/\/www.sams-industrie.fr\/en\/wp-json\/wp\/v2\/product\/8528"}],"collection":[{"href":"https:\/\/www.sams-industrie.fr\/en\/wp-json\/wp\/v2\/product"}],"about":[{"href":"https:\/\/www.sams-industrie.fr\/en\/wp-json\/wp\/v2\/types\/product"}],"replies":[{"embeddable":true,"href":"https:\/\/www.sams-industrie.fr\/en\/wp-json\/wp\/v2\/comments?post=8528"}],"wp:attachment":[{"href":"https:\/\/www.sams-industrie.fr\/en\/wp-json\/wp\/v2\/media?parent=8528"}],"curies":[{"name":"wp","href":"https:\/\/api.w.org\/{rel}","templated":true}]}}