{"id":8527,"date":"2025-01-24T09:28:38","date_gmt":"2025-01-24T08:28:38","guid":{"rendered":"https:\/\/www.sams-industrie.fr\/product\/galet-de-taquet-de-herse-reference-620-014-024\/"},"modified":"2025-02-19T11:37:01","modified_gmt":"2025-02-19T10:37:01","slug":"galet-de-taquet-de-herse-reference-620-014-024","status":"publish","type":"product","link":"https:\/\/www.sams-industrie.fr\/en\/product\/galet-de-taquet-de-herse-reference-620-014-024\/","title":{"rendered":"Harrow cleat roller<br> Reference 620-014-024"},"content":{"rendered":"","protected":false},"excerpt":{"rendered":"<p>RAPIDEX RAPIDLINE 10<br \/> R\u00e9f\u00e9rence constructeur : 620-014-024<br \/> R\u00e9f\u00e9rences \u00e9quivalentes : 620014024 \/ M620014024 \/ RAP620014024<\/p>","protected":false},"featured_media":0,"comment_status":"open","ping_status":"closed","template":"","meta":[],"_links":{"self":[{"href":"https:\/\/www.sams-industrie.fr\/en\/wp-json\/wp\/v2\/product\/8527"}],"collection":[{"href":"https:\/\/www.sams-industrie.fr\/en\/wp-json\/wp\/v2\/product"}],"about":[{"href":"https:\/\/www.sams-industrie.fr\/en\/wp-json\/wp\/v2\/types\/product"}],"replies":[{"embeddable":true,"href":"https:\/\/www.sams-industrie.fr\/en\/wp-json\/wp\/v2\/comments?post=8527"}],"wp:attachment":[{"href":"https:\/\/www.sams-industrie.fr\/en\/wp-json\/wp\/v2\/media?parent=8527"}],"curies":[{"name":"wp","href":"https:\/\/api.w.org\/{rel}","templated":true}]}}