{"id":8526,"date":"2025-01-24T09:28:38","date_gmt":"2025-01-24T08:28:38","guid":{"rendered":"https:\/\/www.sams-industrie.fr\/product\/chassis-alu-pour-herse-reference-620-009-554\/"},"modified":"2025-02-19T11:37:01","modified_gmt":"2025-02-19T10:37:01","slug":"chassis-alu-pour-herse-reference-620-009-554","status":"publish","type":"product","link":"https:\/\/www.sams-industrie.fr\/en\/product\/chassis-alu-pour-herse-reference-620-009-554\/","title":{"rendered":"Aluminum frame for harrow<br> Reference 620-009-554"},"content":{"rendered":"","protected":false},"excerpt":{"rendered":"<p>RAPIDEX RAPIDLINE 10<br \/> R\u00e9f\u00e9rence constructeur : 620-009-554<br \/> R\u00e9f\u00e9rences \u00e9quivalentes : 620009554 \/ M620009554 \/ RAP620009554<\/p>","protected":false},"featured_media":0,"comment_status":"open","ping_status":"closed","template":"","meta":[],"_links":{"self":[{"href":"https:\/\/www.sams-industrie.fr\/en\/wp-json\/wp\/v2\/product\/8526"}],"collection":[{"href":"https:\/\/www.sams-industrie.fr\/en\/wp-json\/wp\/v2\/product"}],"about":[{"href":"https:\/\/www.sams-industrie.fr\/en\/wp-json\/wp\/v2\/types\/product"}],"replies":[{"embeddable":true,"href":"https:\/\/www.sams-industrie.fr\/en\/wp-json\/wp\/v2\/comments?post=8526"}],"wp:attachment":[{"href":"https:\/\/www.sams-industrie.fr\/en\/wp-json\/wp\/v2\/media?parent=8526"}],"curies":[{"name":"wp","href":"https:\/\/api.w.org\/{rel}","templated":true}]}}