{"id":8525,"date":"2025-01-24T09:28:37","date_gmt":"2025-01-24T08:28:37","guid":{"rendered":"https:\/\/www.sams-industrie.fr\/product\/erou-de-relevage-tablier-reference-620-006-015\/"},"modified":"2025-02-19T11:37:00","modified_gmt":"2025-02-19T10:37:00","slug":"erou-de-relevage-tablier-reference-620-006-015","status":"publish","type":"product","link":"https:\/\/www.sams-industrie.fr\/en\/product\/erou-de-relevage-tablier-reference-620-006-015\/","title":{"rendered":"Apron lifting nut<br> Reference 620-006-015"},"content":{"rendered":"","protected":false},"excerpt":{"rendered":"<p>RAPIDEX RAPIDLINE 10<br \/> R\u00e9f\u00e9rence constructeur : 620-006-015<br \/> R\u00e9f\u00e9rences \u00e9quivalentes : 620006015 \/ M620006015 \/ RAP620006015<\/p>","protected":false},"featured_media":0,"comment_status":"open","ping_status":"closed","template":"","meta":[],"_links":{"self":[{"href":"https:\/\/www.sams-industrie.fr\/en\/wp-json\/wp\/v2\/product\/8525"}],"collection":[{"href":"https:\/\/www.sams-industrie.fr\/en\/wp-json\/wp\/v2\/product"}],"about":[{"href":"https:\/\/www.sams-industrie.fr\/en\/wp-json\/wp\/v2\/types\/product"}],"replies":[{"embeddable":true,"href":"https:\/\/www.sams-industrie.fr\/en\/wp-json\/wp\/v2\/comments?post=8525"}],"wp:attachment":[{"href":"https:\/\/www.sams-industrie.fr\/en\/wp-json\/wp\/v2\/media?parent=8525"}],"curies":[{"name":"wp","href":"https:\/\/api.w.org\/{rel}","templated":true}]}}