{"id":8524,"date":"2025-01-24T09:28:35","date_gmt":"2025-01-24T08:28:35","guid":{"rendered":"https:\/\/www.sams-industrie.fr\/product\/vis-de-relevage-tablier-reference-620-006-012\/"},"modified":"2025-02-19T11:36:59","modified_gmt":"2025-02-19T10:36:59","slug":"vis-de-relevage-tablier-reference-620-006-012","status":"publish","type":"product","link":"https:\/\/www.sams-industrie.fr\/en\/product\/vis-de-relevage-tablier-reference-620-006-012\/","title":{"rendered":"Apron lifting screw<br> Reference 620-006-012"},"content":{"rendered":"","protected":false},"excerpt":{"rendered":"<p>RAPIDEX RAPIDLINE 10<br \/> R\u00e9f\u00e9rence constructeur : 620-006-012<br \/> R\u00e9f\u00e9rences \u00e9quivalentes : 620006012 \/ M620006012 \/ RAP620006012<\/p>","protected":false},"featured_media":0,"comment_status":"open","ping_status":"closed","template":"","meta":[],"_links":{"self":[{"href":"https:\/\/www.sams-industrie.fr\/en\/wp-json\/wp\/v2\/product\/8524"}],"collection":[{"href":"https:\/\/www.sams-industrie.fr\/en\/wp-json\/wp\/v2\/product"}],"about":[{"href":"https:\/\/www.sams-industrie.fr\/en\/wp-json\/wp\/v2\/types\/product"}],"replies":[{"embeddable":true,"href":"https:\/\/www.sams-industrie.fr\/en\/wp-json\/wp\/v2\/comments?post=8524"}],"wp:attachment":[{"href":"https:\/\/www.sams-industrie.fr\/en\/wp-json\/wp\/v2\/media?parent=8524"}],"curies":[{"name":"wp","href":"https:\/\/api.w.org\/{rel}","templated":true}]}}