{"id":8522,"date":"2025-01-24T09:28:33","date_gmt":"2025-01-24T08:28:33","guid":{"rendered":"https:\/\/www.sams-industrie.fr\/product\/galet-de-compteur-ejecteur-reference-004t016\/"},"modified":"2025-02-19T11:36:58","modified_gmt":"2025-02-19T10:36:58","slug":"galet-de-compteur-ejecteur-reference-004t016","status":"publish","type":"product","link":"https:\/\/www.sams-industrie.fr\/en\/product\/galet-de-compteur-ejecteur-reference-004t016\/","title":{"rendered":"Ejector Counter Roller<br> Reference 004T016"},"content":{"rendered":"","protected":false},"excerpt":{"rendered":"<p>RAPIDEX RAPIDLINE 10<br \/> R\u00e9f\u00e9rence constructeur : 004T016<br \/> R\u00e9f\u00e9rences \u00e9quivalentes :  \/  \/ <\/p>","protected":false},"featured_media":0,"comment_status":"open","ping_status":"closed","template":"","meta":[],"_links":{"self":[{"href":"https:\/\/www.sams-industrie.fr\/en\/wp-json\/wp\/v2\/product\/8522"}],"collection":[{"href":"https:\/\/www.sams-industrie.fr\/en\/wp-json\/wp\/v2\/product"}],"about":[{"href":"https:\/\/www.sams-industrie.fr\/en\/wp-json\/wp\/v2\/types\/product"}],"replies":[{"embeddable":true,"href":"https:\/\/www.sams-industrie.fr\/en\/wp-json\/wp\/v2\/comments?post=8522"}],"wp:attachment":[{"href":"https:\/\/www.sams-industrie.fr\/en\/wp-json\/wp\/v2\/media?parent=8522"}],"curies":[{"name":"wp","href":"https:\/\/api.w.org\/{rel}","templated":true}]}}