{"id":8521,"date":"2025-01-24T09:28:33","date_gmt":"2025-01-24T08:28:33","guid":{"rendered":"https:\/\/www.sams-industrie.fr\/product\/ecrou-de-deplacement-reference-610-007-015\/"},"modified":"2025-02-19T11:36:57","modified_gmt":"2025-02-19T10:36:57","slug":"ecrou-de-deplacement-reference-610-007-015","status":"publish","type":"product","link":"https:\/\/www.sams-industrie.fr\/en\/product\/ecrou-de-deplacement-reference-610-007-015\/","title":{"rendered":"Displacement nut<br> Reference 610-007-015"},"content":{"rendered":"","protected":false},"excerpt":{"rendered":"<p>RAPIDEX RAPIDLINE 10<br \/> R\u00e9f\u00e9rence constructeur : 610-007-015<br \/> R\u00e9f\u00e9rences \u00e9quivalentes : 610007015 \/ M610007015 \/ RAP610007015<\/p>","protected":false},"featured_media":0,"comment_status":"open","ping_status":"closed","template":"","meta":[],"_links":{"self":[{"href":"https:\/\/www.sams-industrie.fr\/en\/wp-json\/wp\/v2\/product\/8521"}],"collection":[{"href":"https:\/\/www.sams-industrie.fr\/en\/wp-json\/wp\/v2\/product"}],"about":[{"href":"https:\/\/www.sams-industrie.fr\/en\/wp-json\/wp\/v2\/types\/product"}],"replies":[{"embeddable":true,"href":"https:\/\/www.sams-industrie.fr\/en\/wp-json\/wp\/v2\/comments?post=8521"}],"wp:attachment":[{"href":"https:\/\/www.sams-industrie.fr\/en\/wp-json\/wp\/v2\/media?parent=8521"}],"curies":[{"name":"wp","href":"https:\/\/api.w.org\/{rel}","templated":true}]}}