{"id":8520,"date":"2025-01-24T09:28:32","date_gmt":"2025-01-24T08:28:32","guid":{"rendered":"https:\/\/www.sams-industrie.fr\/product\/galet-guide-courroie-reference-610-003-019\/"},"modified":"2025-02-19T11:36:57","modified_gmt":"2025-02-19T10:36:57","slug":"galet-guide-courroie-reference-610-003-019","status":"publish","type":"product","link":"https:\/\/www.sams-industrie.fr\/en\/product\/galet-guide-courroie-reference-610-003-019\/","title":{"rendered":"Belt guide roller<br> Reference 610-003-019"},"content":{"rendered":"","protected":false},"excerpt":{"rendered":"<p>RAPIDEX RAPIDLINE 10<br \/> R\u00e9f\u00e9rence constructeur : 610-003-019<br \/> R\u00e9f\u00e9rences \u00e9quivalentes : 610003019 \/ M610003019 \/ RAP610003019<\/p>","protected":false},"featured_media":0,"comment_status":"open","ping_status":"closed","template":"","meta":[],"_links":{"self":[{"href":"https:\/\/www.sams-industrie.fr\/en\/wp-json\/wp\/v2\/product\/8520"}],"collection":[{"href":"https:\/\/www.sams-industrie.fr\/en\/wp-json\/wp\/v2\/product"}],"about":[{"href":"https:\/\/www.sams-industrie.fr\/en\/wp-json\/wp\/v2\/types\/product"}],"replies":[{"embeddable":true,"href":"https:\/\/www.sams-industrie.fr\/en\/wp-json\/wp\/v2\/comments?post=8520"}],"wp:attachment":[{"href":"https:\/\/www.sams-industrie.fr\/en\/wp-json\/wp\/v2\/media?parent=8520"}],"curies":[{"name":"wp","href":"https:\/\/api.w.org\/{rel}","templated":true}]}}