{"id":8519,"date":"2025-01-24T09:28:32","date_gmt":"2025-01-24T08:28:32","guid":{"rendered":"https:\/\/www.sams-industrie.fr\/product\/galet-de-renvoi-reference-610-003-017\/"},"modified":"2025-02-19T11:36:56","modified_gmt":"2025-02-19T10:36:56","slug":"galet-de-renvoi-reference-610-003-017","status":"publish","type":"product","link":"https:\/\/www.sams-industrie.fr\/en\/product\/galet-de-renvoi-reference-610-003-017\/","title":{"rendered":"Idler roller<br> Reference 610-003-017"},"content":{"rendered":"","protected":false},"excerpt":{"rendered":"<p>RAPIDEX RAPIDLINE 10<br \/> R\u00e9f\u00e9rence constructeur : 610-003-017<br \/> R\u00e9f\u00e9rences \u00e9quivalentes : 610003017 \/ M610003017 \/ RAP610003017<\/p>","protected":false},"featured_media":9163,"comment_status":"open","ping_status":"closed","template":"","meta":[],"_links":{"self":[{"href":"https:\/\/www.sams-industrie.fr\/en\/wp-json\/wp\/v2\/product\/8519"}],"collection":[{"href":"https:\/\/www.sams-industrie.fr\/en\/wp-json\/wp\/v2\/product"}],"about":[{"href":"https:\/\/www.sams-industrie.fr\/en\/wp-json\/wp\/v2\/types\/product"}],"replies":[{"embeddable":true,"href":"https:\/\/www.sams-industrie.fr\/en\/wp-json\/wp\/v2\/comments?post=8519"}],"wp:featuredmedia":[{"embeddable":true,"href":"https:\/\/www.sams-industrie.fr\/en\/wp-json\/wp\/v2\/media\/9163"}],"wp:attachment":[{"href":"https:\/\/www.sams-industrie.fr\/en\/wp-json\/wp\/v2\/media?parent=8519"}],"curies":[{"name":"wp","href":"https:\/\/api.w.org\/{rel}","templated":true}]}}