{"id":8518,"date":"2025-01-24T09:28:31","date_gmt":"2025-01-24T08:28:31","guid":{"rendered":"https:\/\/www.sams-industrie.fr\/product\/galet-de-renvoi-reference-610-004-013\/"},"modified":"2025-02-19T11:36:56","modified_gmt":"2025-02-19T10:36:56","slug":"galet-de-renvoi-reference-610-004-013","status":"publish","type":"product","link":"https:\/\/www.sams-industrie.fr\/en\/product\/galet-de-renvoi-reference-610-004-013\/","title":{"rendered":"Idler roller<br> Reference 610-004-013"},"content":{"rendered":"","protected":false},"excerpt":{"rendered":"<p>RAPIDEX RAPIDLINE 10<br \/> R\u00e9f\u00e9rence constructeur : 610-004-013<br \/> R\u00e9f\u00e9rences \u00e9quivalentes : 610004013 \/ M610004013 \/ RAP610004013<\/p>","protected":false},"featured_media":9162,"comment_status":"open","ping_status":"closed","template":"","meta":[],"_links":{"self":[{"href":"https:\/\/www.sams-industrie.fr\/en\/wp-json\/wp\/v2\/product\/8518"}],"collection":[{"href":"https:\/\/www.sams-industrie.fr\/en\/wp-json\/wp\/v2\/product"}],"about":[{"href":"https:\/\/www.sams-industrie.fr\/en\/wp-json\/wp\/v2\/types\/product"}],"replies":[{"embeddable":true,"href":"https:\/\/www.sams-industrie.fr\/en\/wp-json\/wp\/v2\/comments?post=8518"}],"wp:featuredmedia":[{"embeddable":true,"href":"https:\/\/www.sams-industrie.fr\/en\/wp-json\/wp\/v2\/media\/9162"}],"wp:attachment":[{"href":"https:\/\/www.sams-industrie.fr\/en\/wp-json\/wp\/v2\/media?parent=8518"}],"curies":[{"name":"wp","href":"https:\/\/api.w.org\/{rel}","templated":true}]}}