{"id":8514,"date":"2025-01-24T09:28:29","date_gmt":"2025-01-24T08:28:29","guid":{"rendered":"https:\/\/www.sams-industrie.fr\/product\/axe-court-de-taquet-reference-610-005-012\/"},"modified":"2025-02-19T11:36:52","modified_gmt":"2025-02-19T10:36:52","slug":"axe-court-de-taquet-reference-610-005-012","status":"publish","type":"product","link":"https:\/\/www.sams-industrie.fr\/en\/product\/axe-court-de-taquet-reference-610-005-012\/","title":{"rendered":"Short cleat axle<br> Reference 610-005-012"},"content":{"rendered":"","protected":false},"excerpt":{"rendered":"<p>RAPIDEX RAPIDLINE 10<br \/> R\u00e9f\u00e9rence constructeur : 610-005-012<br \/> R\u00e9f\u00e9rences \u00e9quivalentes : 610005012 \/ M610005012 \/ RAP610005012<\/p>","protected":false},"featured_media":0,"comment_status":"open","ping_status":"closed","template":"","meta":[],"_links":{"self":[{"href":"https:\/\/www.sams-industrie.fr\/en\/wp-json\/wp\/v2\/product\/8514"}],"collection":[{"href":"https:\/\/www.sams-industrie.fr\/en\/wp-json\/wp\/v2\/product"}],"about":[{"href":"https:\/\/www.sams-industrie.fr\/en\/wp-json\/wp\/v2\/types\/product"}],"replies":[{"embeddable":true,"href":"https:\/\/www.sams-industrie.fr\/en\/wp-json\/wp\/v2\/comments?post=8514"}],"wp:attachment":[{"href":"https:\/\/www.sams-industrie.fr\/en\/wp-json\/wp\/v2\/media?parent=8514"}],"curies":[{"name":"wp","href":"https:\/\/api.w.org\/{rel}","templated":true}]}}