{"id":8513,"date":"2025-01-24T09:28:28","date_gmt":"2025-01-24T08:28:28","guid":{"rendered":"https:\/\/www.sams-industrie.fr\/product\/axe-long-de-taquet-reference-610-005-011\/"},"modified":"2025-02-19T11:36:51","modified_gmt":"2025-02-19T10:36:51","slug":"axe-long-de-taquet-reference-610-005-011","status":"publish","type":"product","link":"https:\/\/www.sams-industrie.fr\/en\/product\/axe-long-de-taquet-reference-610-005-011\/","title":{"rendered":"Long cleat axle<br> Reference 610-005-011"},"content":{"rendered":"","protected":false},"excerpt":{"rendered":"<p>RAPIDEX RAPIDLINE 10<br \/> R\u00e9f\u00e9rence constructeur : 610-005-011<br \/> R\u00e9f\u00e9rences \u00e9quivalentes : 610005011 \/ M610005011 \/ RAP610005011<\/p>","protected":false},"featured_media":0,"comment_status":"open","ping_status":"closed","template":"","meta":[],"_links":{"self":[{"href":"https:\/\/www.sams-industrie.fr\/en\/wp-json\/wp\/v2\/product\/8513"}],"collection":[{"href":"https:\/\/www.sams-industrie.fr\/en\/wp-json\/wp\/v2\/product"}],"about":[{"href":"https:\/\/www.sams-industrie.fr\/en\/wp-json\/wp\/v2\/types\/product"}],"replies":[{"embeddable":true,"href":"https:\/\/www.sams-industrie.fr\/en\/wp-json\/wp\/v2\/comments?post=8513"}],"wp:attachment":[{"href":"https:\/\/www.sams-industrie.fr\/en\/wp-json\/wp\/v2\/media?parent=8513"}],"curies":[{"name":"wp","href":"https:\/\/api.w.org\/{rel}","templated":true}]}}