{"id":8512,"date":"2025-01-24T09:28:27","date_gmt":"2025-01-24T08:28:27","guid":{"rendered":"https:\/\/www.sams-industrie.fr\/product\/palier-vis-de-colleuse-reference-605-012-026\/"},"modified":"2025-02-19T11:36:50","modified_gmt":"2025-02-19T10:36:50","slug":"palier-vis-de-colleuse-reference-605-012-026","status":"publish","type":"product","link":"https:\/\/www.sams-industrie.fr\/en\/product\/palier-vis-de-colleuse-reference-605-012-026\/","title":{"rendered":"Gluer screw bearing<br> Reference 605-012-026"},"content":{"rendered":"","protected":false},"excerpt":{"rendered":"<p>RAPIDEX RAPIDLINE 10<br \/> R\u00e9f\u00e9rence constructeur : 605-012-026<br \/> R\u00e9f\u00e9rences \u00e9quivalentes : 605012026 \/ M605012026 \/ RAP605012026<\/p>","protected":false},"featured_media":0,"comment_status":"open","ping_status":"closed","template":"","meta":[],"_links":{"self":[{"href":"https:\/\/www.sams-industrie.fr\/en\/wp-json\/wp\/v2\/product\/8512"}],"collection":[{"href":"https:\/\/www.sams-industrie.fr\/en\/wp-json\/wp\/v2\/product"}],"about":[{"href":"https:\/\/www.sams-industrie.fr\/en\/wp-json\/wp\/v2\/types\/product"}],"replies":[{"embeddable":true,"href":"https:\/\/www.sams-industrie.fr\/en\/wp-json\/wp\/v2\/comments?post=8512"}],"wp:attachment":[{"href":"https:\/\/www.sams-industrie.fr\/en\/wp-json\/wp\/v2\/media?parent=8512"}],"curies":[{"name":"wp","href":"https:\/\/api.w.org\/{rel}","templated":true}]}}