{"id":8511,"date":"2025-01-24T09:28:27","date_gmt":"2025-01-24T08:28:27","guid":{"rendered":"https:\/\/www.sams-industrie.fr\/product\/couvercle-reglage-de-sabre-reference-605-005-032\/"},"modified":"2025-02-19T11:36:49","modified_gmt":"2025-02-19T10:36:49","slug":"couvercle-reglage-de-sabre-reference-605-005-032","status":"publish","type":"product","link":"https:\/\/www.sams-industrie.fr\/en\/product\/couvercle-reglage-de-sabre-reference-605-005-032\/","title":{"rendered":"Saber adjustment cover<br> Reference 605-005-032"},"content":{"rendered":"","protected":false},"excerpt":{"rendered":"<p>RAPIDEX RAPIDLINE 10<br \/> R\u00e9f\u00e9rence constructeur : 605-005-032<br \/> R\u00e9f\u00e9rences \u00e9quivalentes : 605005032 \/ M605005032 \/ RAP605005032<\/p>","protected":false},"featured_media":0,"comment_status":"open","ping_status":"closed","template":"","meta":[],"_links":{"self":[{"href":"https:\/\/www.sams-industrie.fr\/en\/wp-json\/wp\/v2\/product\/8511"}],"collection":[{"href":"https:\/\/www.sams-industrie.fr\/en\/wp-json\/wp\/v2\/product"}],"about":[{"href":"https:\/\/www.sams-industrie.fr\/en\/wp-json\/wp\/v2\/types\/product"}],"replies":[{"embeddable":true,"href":"https:\/\/www.sams-industrie.fr\/en\/wp-json\/wp\/v2\/comments?post=8511"}],"wp:attachment":[{"href":"https:\/\/www.sams-industrie.fr\/en\/wp-json\/wp\/v2\/media?parent=8511"}],"curies":[{"name":"wp","href":"https:\/\/api.w.org\/{rel}","templated":true}]}}