{"id":8510,"date":"2025-01-24T09:28:26","date_gmt":"2025-01-24T08:28:26","guid":{"rendered":"https:\/\/www.sams-industrie.fr\/product\/clavette-dentrainement-reference-605-005-023\/"},"modified":"2025-02-19T11:36:49","modified_gmt":"2025-02-19T10:36:49","slug":"clavette-dentrainement-reference-605-005-023","status":"publish","type":"product","link":"https:\/\/www.sams-industrie.fr\/en\/product\/clavette-dentrainement-reference-605-005-023\/","title":{"rendered":"Drive key<br> Reference 605-005-023"},"content":{"rendered":"","protected":false},"excerpt":{"rendered":"<p>RAPIDEX RAPIDLINE 10<br \/> R\u00e9f\u00e9rence constructeur : 605-005-023<br \/> R\u00e9f\u00e9rences \u00e9quivalentes : 605005023 \/ M605005023 \/ RAP605005023<\/p>","protected":false},"featured_media":0,"comment_status":"open","ping_status":"closed","template":"","meta":[],"_links":{"self":[{"href":"https:\/\/www.sams-industrie.fr\/en\/wp-json\/wp\/v2\/product\/8510"}],"collection":[{"href":"https:\/\/www.sams-industrie.fr\/en\/wp-json\/wp\/v2\/product"}],"about":[{"href":"https:\/\/www.sams-industrie.fr\/en\/wp-json\/wp\/v2\/types\/product"}],"replies":[{"embeddable":true,"href":"https:\/\/www.sams-industrie.fr\/en\/wp-json\/wp\/v2\/comments?post=8510"}],"wp:attachment":[{"href":"https:\/\/www.sams-industrie.fr\/en\/wp-json\/wp\/v2\/media?parent=8510"}],"curies":[{"name":"wp","href":"https:\/\/api.w.org\/{rel}","templated":true}]}}