{"id":8509,"date":"2025-01-24T09:28:26","date_gmt":"2025-01-24T08:28:26","guid":{"rendered":"https:\/\/www.sams-industrie.fr\/product\/axe-galet-de-pression-reference-605-005-035\/"},"modified":"2025-02-19T11:36:48","modified_gmt":"2025-02-19T10:36:48","slug":"axe-galet-de-pression-reference-605-005-035","status":"publish","type":"product","link":"https:\/\/www.sams-industrie.fr\/en\/product\/axe-galet-de-pression-reference-605-005-035\/","title":{"rendered":"Pressure roller axle<br> Reference 605-005-035"},"content":{"rendered":"","protected":false},"excerpt":{"rendered":"<p>RAPIDEX RAPIDLINE 10<br \/> R\u00e9f\u00e9rence constructeur : 605-005-035<br \/> R\u00e9f\u00e9rences \u00e9quivalentes : 605005035 \/ M605005035 \/ RAP605005035<\/p>","protected":false},"featured_media":0,"comment_status":"open","ping_status":"closed","template":"","meta":[],"_links":{"self":[{"href":"https:\/\/www.sams-industrie.fr\/en\/wp-json\/wp\/v2\/product\/8509"}],"collection":[{"href":"https:\/\/www.sams-industrie.fr\/en\/wp-json\/wp\/v2\/product"}],"about":[{"href":"https:\/\/www.sams-industrie.fr\/en\/wp-json\/wp\/v2\/types\/product"}],"replies":[{"embeddable":true,"href":"https:\/\/www.sams-industrie.fr\/en\/wp-json\/wp\/v2\/comments?post=8509"}],"wp:attachment":[{"href":"https:\/\/www.sams-industrie.fr\/en\/wp-json\/wp\/v2\/media?parent=8509"}],"curies":[{"name":"wp","href":"https:\/\/api.w.org\/{rel}","templated":true}]}}