{"id":8508,"date":"2025-01-24T09:28:26","date_gmt":"2025-01-24T08:28:26","guid":{"rendered":"https:\/\/www.sams-industrie.fr\/product\/galet-de-pression-reference-605-005-034\/"},"modified":"2025-02-19T11:36:47","modified_gmt":"2025-02-19T10:36:47","slug":"galet-de-pression-reference-605-005-034","status":"publish","type":"product","link":"https:\/\/www.sams-industrie.fr\/en\/product\/galet-de-pression-reference-605-005-034\/","title":{"rendered":"Pressure roller<br> Reference 605-005-034"},"content":{"rendered":"","protected":false},"excerpt":{"rendered":"<p>RAPIDEX RAPIDLINE 10<br \/> R\u00e9f\u00e9rence constructeur : 605-005-034<br \/> R\u00e9f\u00e9rences \u00e9quivalentes : 605005034 \/ M605005034 \/ RAP605005034<\/p>","protected":false},"featured_media":0,"comment_status":"open","ping_status":"closed","template":"","meta":[],"_links":{"self":[{"href":"https:\/\/www.sams-industrie.fr\/en\/wp-json\/wp\/v2\/product\/8508"}],"collection":[{"href":"https:\/\/www.sams-industrie.fr\/en\/wp-json\/wp\/v2\/product"}],"about":[{"href":"https:\/\/www.sams-industrie.fr\/en\/wp-json\/wp\/v2\/types\/product"}],"replies":[{"embeddable":true,"href":"https:\/\/www.sams-industrie.fr\/en\/wp-json\/wp\/v2\/comments?post=8508"}],"wp:attachment":[{"href":"https:\/\/www.sams-industrie.fr\/en\/wp-json\/wp\/v2\/media?parent=8508"}],"curies":[{"name":"wp","href":"https:\/\/api.w.org\/{rel}","templated":true}]}}