{"id":8507,"date":"2025-01-24T09:28:25","date_gmt":"2025-01-24T08:28:25","guid":{"rendered":"https:\/\/www.sams-industrie.fr\/product\/galet-guide-reference-605-006-023\/"},"modified":"2025-02-19T11:36:47","modified_gmt":"2025-02-19T10:36:47","slug":"galet-guide-reference-605-006-023","status":"publish","type":"product","link":"https:\/\/www.sams-industrie.fr\/en\/product\/galet-guide-reference-605-006-023\/","title":{"rendered":"Guide roller<br> Reference 605-006-023"},"content":{"rendered":"","protected":false},"excerpt":{"rendered":"<p>RAPIDEX RAPIDLINE 10<br \/> R\u00e9f\u00e9rence constructeur : 605-006-023<br \/> R\u00e9f\u00e9rences \u00e9quivalentes : 605006023 \/ M605006023 \/ RAP605006023<\/p>","protected":false},"featured_media":0,"comment_status":"open","ping_status":"closed","template":"","meta":[],"_links":{"self":[{"href":"https:\/\/www.sams-industrie.fr\/en\/wp-json\/wp\/v2\/product\/8507"}],"collection":[{"href":"https:\/\/www.sams-industrie.fr\/en\/wp-json\/wp\/v2\/product"}],"about":[{"href":"https:\/\/www.sams-industrie.fr\/en\/wp-json\/wp\/v2\/types\/product"}],"replies":[{"embeddable":true,"href":"https:\/\/www.sams-industrie.fr\/en\/wp-json\/wp\/v2\/comments?post=8507"}],"wp:attachment":[{"href":"https:\/\/www.sams-industrie.fr\/en\/wp-json\/wp\/v2\/media?parent=8507"}],"curies":[{"name":"wp","href":"https:\/\/api.w.org\/{rel}","templated":true}]}}