{"id":8505,"date":"2025-01-24T09:28:24","date_gmt":"2025-01-24T08:28:24","guid":{"rendered":"https:\/\/www.sams-industrie.fr\/product\/galet-dentree-reference-605-006-029\/"},"modified":"2025-02-19T11:36:45","modified_gmt":"2025-02-19T10:36:45","slug":"galet-dentree-reference-605-006-029","status":"publish","type":"product","link":"https:\/\/www.sams-industrie.fr\/en\/product\/galet-dentree-reference-605-006-029\/","title":{"rendered":"Entrance pebble<br> Reference 605-006-029"},"content":{"rendered":"","protected":false},"excerpt":{"rendered":"<p>RAPIDEX RAPIDLINE 10<br \/> R\u00e9f\u00e9rence constructeur : 605-006-029<br \/> R\u00e9f\u00e9rences \u00e9quivalentes : 605006029 \/ M605006029 \/ RAP605006029<\/p>","protected":false},"featured_media":0,"comment_status":"open","ping_status":"closed","template":"","meta":[],"_links":{"self":[{"href":"https:\/\/www.sams-industrie.fr\/en\/wp-json\/wp\/v2\/product\/8505"}],"collection":[{"href":"https:\/\/www.sams-industrie.fr\/en\/wp-json\/wp\/v2\/product"}],"about":[{"href":"https:\/\/www.sams-industrie.fr\/en\/wp-json\/wp\/v2\/types\/product"}],"replies":[{"embeddable":true,"href":"https:\/\/www.sams-industrie.fr\/en\/wp-json\/wp\/v2\/comments?post=8505"}],"wp:attachment":[{"href":"https:\/\/www.sams-industrie.fr\/en\/wp-json\/wp\/v2\/media?parent=8505"}],"curies":[{"name":"wp","href":"https:\/\/api.w.org\/{rel}","templated":true}]}}