{"id":8504,"date":"2025-01-24T09:28:24","date_gmt":"2025-01-24T08:28:24","guid":{"rendered":"https:\/\/www.sams-industrie.fr\/product\/regarnissage-galet-revetu-de-sortie-reference-605-006-035-r\/"},"modified":"2025-02-19T11:36:45","modified_gmt":"2025-02-19T10:36:45","slug":"regarnissage-galet-revetu-de-sortie-reference-605-006-035-r","status":"publish","type":"product","link":"https:\/\/www.sams-industrie.fr\/en\/product\/regarnissage-galet-revetu-de-sortie-reference-605-006-035-r\/","title":{"rendered":"Re-lining of the output coated roller<br> Reference 605-006-035 R"},"content":{"rendered":"","protected":false},"excerpt":{"rendered":"<p>RAPIDEX RAPIDLINE 10<br \/> R\u00e9f\u00e9rence constructeur : 605-006-035 R<br \/> R\u00e9f\u00e9rences \u00e9quivalentes : 605006035R \/ M605006035R \/ RAP605006035R<\/p>","protected":false},"featured_media":0,"comment_status":"open","ping_status":"closed","template":"","meta":[],"_links":{"self":[{"href":"https:\/\/www.sams-industrie.fr\/en\/wp-json\/wp\/v2\/product\/8504"}],"collection":[{"href":"https:\/\/www.sams-industrie.fr\/en\/wp-json\/wp\/v2\/product"}],"about":[{"href":"https:\/\/www.sams-industrie.fr\/en\/wp-json\/wp\/v2\/types\/product"}],"replies":[{"embeddable":true,"href":"https:\/\/www.sams-industrie.fr\/en\/wp-json\/wp\/v2\/comments?post=8504"}],"wp:attachment":[{"href":"https:\/\/www.sams-industrie.fr\/en\/wp-json\/wp\/v2\/media?parent=8504"}],"curies":[{"name":"wp","href":"https:\/\/api.w.org\/{rel}","templated":true}]}}