{"id":8501,"date":"2025-01-24T09:28:22","date_gmt":"2025-01-24T08:28:22","guid":{"rendered":"https:\/\/www.sams-industrie.fr\/product\/rondelle-axe-cinematique-reference-r11-65-8\/"},"modified":"2025-02-19T11:36:43","modified_gmt":"2025-02-19T10:36:43","slug":"rondelle-axe-cinematique-reference-r11-65-8","status":"publish","type":"product","link":"https:\/\/www.sams-industrie.fr\/en\/product\/rondelle-axe-cinematique-reference-r11-65-8\/","title":{"rendered":"Kinematic axis washer<br> Reference R11-65-8"},"content":{"rendered":"","protected":false},"excerpt":{"rendered":"<p>RAPIDEX RAPIDLINE 10<br \/> R\u00e9f\u00e9rence constructeur : R11-65-8<br \/> R\u00e9f\u00e9rences \u00e9quivalentes : R11658 \/ MR11658 \/ RAPR11658<\/p>","protected":false},"featured_media":0,"comment_status":"open","ping_status":"closed","template":"","meta":[],"_links":{"self":[{"href":"https:\/\/www.sams-industrie.fr\/en\/wp-json\/wp\/v2\/product\/8501"}],"collection":[{"href":"https:\/\/www.sams-industrie.fr\/en\/wp-json\/wp\/v2\/product"}],"about":[{"href":"https:\/\/www.sams-industrie.fr\/en\/wp-json\/wp\/v2\/types\/product"}],"replies":[{"embeddable":true,"href":"https:\/\/www.sams-industrie.fr\/en\/wp-json\/wp\/v2\/comments?post=8501"}],"wp:attachment":[{"href":"https:\/\/www.sams-industrie.fr\/en\/wp-json\/wp\/v2\/media?parent=8501"}],"curies":[{"name":"wp","href":"https:\/\/api.w.org\/{rel}","templated":true}]}}