{"id":8495,"date":"2025-01-24T09:28:18","date_gmt":"2025-01-24T08:28:18","guid":{"rendered":"https:\/\/www.sams-industrie.fr\/product\/poulie-arbre-intermediaire-reference-605-013-024\/"},"modified":"2025-02-19T11:36:38","modified_gmt":"2025-02-19T10:36:38","slug":"poulie-arbre-intermediaire-reference-605-013-024","status":"publish","type":"product","link":"https:\/\/www.sams-industrie.fr\/en\/product\/poulie-arbre-intermediaire-reference-605-013-024\/","title":{"rendered":"Intermediate shaft pulley<br> Reference 605-013-024"},"content":{"rendered":"","protected":false},"excerpt":{"rendered":"<p>RAPIDEX RAPIDLINE 10<br \/> R\u00e9f\u00e9rence constructeur : 605-013-024<br \/> R\u00e9f\u00e9rences \u00e9quivalentes : 605013024 \/ M605013024 \/ RAP605013024<\/p>","protected":false},"featured_media":0,"comment_status":"open","ping_status":"closed","template":"","meta":[],"_links":{"self":[{"href":"https:\/\/www.sams-industrie.fr\/en\/wp-json\/wp\/v2\/product\/8495"}],"collection":[{"href":"https:\/\/www.sams-industrie.fr\/en\/wp-json\/wp\/v2\/product"}],"about":[{"href":"https:\/\/www.sams-industrie.fr\/en\/wp-json\/wp\/v2\/types\/product"}],"replies":[{"embeddable":true,"href":"https:\/\/www.sams-industrie.fr\/en\/wp-json\/wp\/v2\/comments?post=8495"}],"wp:attachment":[{"href":"https:\/\/www.sams-industrie.fr\/en\/wp-json\/wp\/v2\/media?parent=8495"}],"curies":[{"name":"wp","href":"https:\/\/api.w.org\/{rel}","templated":true}]}}