{"id":8494,"date":"2025-01-24T09:28:15","date_gmt":"2025-01-24T08:28:15","guid":{"rendered":"https:\/\/www.sams-industrie.fr\/product\/arbre-intermediaire-reference-605-013-016\/"},"modified":"2025-02-19T11:36:38","modified_gmt":"2025-02-19T10:36:38","slug":"arbre-intermediaire-reference-605-013-016","status":"publish","type":"product","link":"https:\/\/www.sams-industrie.fr\/en\/product\/arbre-intermediaire-reference-605-013-016\/","title":{"rendered":"Intermediate shaft<br> Reference 605-013-016"},"content":{"rendered":"","protected":false},"excerpt":{"rendered":"<p>RAPIDEX RAPIDLINE 10<br \/> R\u00e9f\u00e9rence constructeur : 605-013-016<br \/> R\u00e9f\u00e9rences \u00e9quivalentes : 605013016 \/ M605013016 \/ RAP605013016<\/p>","protected":false},"featured_media":0,"comment_status":"open","ping_status":"closed","template":"","meta":[],"_links":{"self":[{"href":"https:\/\/www.sams-industrie.fr\/en\/wp-json\/wp\/v2\/product\/8494"}],"collection":[{"href":"https:\/\/www.sams-industrie.fr\/en\/wp-json\/wp\/v2\/product"}],"about":[{"href":"https:\/\/www.sams-industrie.fr\/en\/wp-json\/wp\/v2\/types\/product"}],"replies":[{"embeddable":true,"href":"https:\/\/www.sams-industrie.fr\/en\/wp-json\/wp\/v2\/comments?post=8494"}],"wp:attachment":[{"href":"https:\/\/www.sams-industrie.fr\/en\/wp-json\/wp\/v2\/media?parent=8494"}],"curies":[{"name":"wp","href":"https:\/\/api.w.org\/{rel}","templated":true}]}}