{"id":8492,"date":"2025-01-24T09:28:14","date_gmt":"2025-01-24T08:28:14","guid":{"rendered":"https:\/\/www.sams-industrie.fr\/product\/arbre-galet-de-reprise-reference-605-006-044\/"},"modified":"2025-02-19T11:36:36","modified_gmt":"2025-02-19T10:36:36","slug":"arbre-galet-de-reprise-reference-605-006-044","status":"publish","type":"product","link":"https:\/\/www.sams-industrie.fr\/en\/product\/arbre-galet-de-reprise-reference-605-006-044\/","title":{"rendered":"Roller shaft<br> Reference 605-006-044"},"content":{"rendered":"","protected":false},"excerpt":{"rendered":"<p>RAPIDEX RAPIDLINE 10<br \/> R\u00e9f\u00e9rence constructeur : 605-006-044<br \/> R\u00e9f\u00e9rences \u00e9quivalentes : 605006044 \/ M605006044 \/ RAP605006044<\/p>","protected":false},"featured_media":0,"comment_status":"open","ping_status":"closed","template":"","meta":[],"_links":{"self":[{"href":"https:\/\/www.sams-industrie.fr\/en\/wp-json\/wp\/v2\/product\/8492"}],"collection":[{"href":"https:\/\/www.sams-industrie.fr\/en\/wp-json\/wp\/v2\/product"}],"about":[{"href":"https:\/\/www.sams-industrie.fr\/en\/wp-json\/wp\/v2\/types\/product"}],"replies":[{"embeddable":true,"href":"https:\/\/www.sams-industrie.fr\/en\/wp-json\/wp\/v2\/comments?post=8492"}],"wp:attachment":[{"href":"https:\/\/www.sams-industrie.fr\/en\/wp-json\/wp\/v2\/media?parent=8492"}],"curies":[{"name":"wp","href":"https:\/\/api.w.org\/{rel}","templated":true}]}}