{"id":8491,"date":"2025-01-24T09:28:13","date_gmt":"2025-01-24T08:28:13","guid":{"rendered":"https:\/\/www.sams-industrie.fr\/product\/palier-arbre-galet-de-reprise-reference-605-003-015\/"},"modified":"2025-02-19T11:36:36","modified_gmt":"2025-02-19T10:36:36","slug":"palier-arbre-galet-de-reprise-reference-605-003-015","status":"publish","type":"product","link":"https:\/\/www.sams-industrie.fr\/en\/product\/palier-arbre-galet-de-reprise-reference-605-003-015\/","title":{"rendered":"Bearing shaft take-up roller<br> Reference 605-003-015"},"content":{"rendered":"","protected":false},"excerpt":{"rendered":"<p>RAPIDEX RAPIDLINE 10<br \/> R\u00e9f\u00e9rence constructeur : 605-003-015<br \/> R\u00e9f\u00e9rences \u00e9quivalentes : 605003015 \/ M605003015 \/ RAP605003015<\/p>","protected":false},"featured_media":0,"comment_status":"open","ping_status":"closed","template":"","meta":[],"_links":{"self":[{"href":"https:\/\/www.sams-industrie.fr\/en\/wp-json\/wp\/v2\/product\/8491"}],"collection":[{"href":"https:\/\/www.sams-industrie.fr\/en\/wp-json\/wp\/v2\/product"}],"about":[{"href":"https:\/\/www.sams-industrie.fr\/en\/wp-json\/wp\/v2\/types\/product"}],"replies":[{"embeddable":true,"href":"https:\/\/www.sams-industrie.fr\/en\/wp-json\/wp\/v2\/comments?post=8491"}],"wp:attachment":[{"href":"https:\/\/www.sams-industrie.fr\/en\/wp-json\/wp\/v2\/media?parent=8491"}],"curies":[{"name":"wp","href":"https:\/\/api.w.org\/{rel}","templated":true}]}}