{"id":8489,"date":"2025-01-24T09:28:12","date_gmt":"2025-01-24T08:28:12","guid":{"rendered":"https:\/\/www.sams-industrie.fr\/product\/palier-arbre-de-commande-courroie-reference-605-003-012\/"},"modified":"2025-02-19T11:36:34","modified_gmt":"2025-02-19T10:36:34","slug":"palier-arbre-de-commande-courroie-reference-605-003-012","status":"publish","type":"product","link":"https:\/\/www.sams-industrie.fr\/en\/product\/palier-arbre-de-commande-courroie-reference-605-003-012\/","title":{"rendered":"Belt drive shaft bearing<br> Reference 605-003-012"},"content":{"rendered":"","protected":false},"excerpt":{"rendered":"<p>RAPIDEX RAPIDLINE 10<br \/> R\u00e9f\u00e9rence constructeur : 605-003-012<br \/> R\u00e9f\u00e9rences \u00e9quivalentes : 605003012 \/ M605003012 \/ RAP605003012<\/p>","protected":false},"featured_media":0,"comment_status":"open","ping_status":"closed","template":"","meta":[],"_links":{"self":[{"href":"https:\/\/www.sams-industrie.fr\/en\/wp-json\/wp\/v2\/product\/8489"}],"collection":[{"href":"https:\/\/www.sams-industrie.fr\/en\/wp-json\/wp\/v2\/product"}],"about":[{"href":"https:\/\/www.sams-industrie.fr\/en\/wp-json\/wp\/v2\/types\/product"}],"replies":[{"embeddable":true,"href":"https:\/\/www.sams-industrie.fr\/en\/wp-json\/wp\/v2\/comments?post=8489"}],"wp:attachment":[{"href":"https:\/\/www.sams-industrie.fr\/en\/wp-json\/wp\/v2\/media?parent=8489"}],"curies":[{"name":"wp","href":"https:\/\/api.w.org\/{rel}","templated":true}]}}