{"id":8488,"date":"2025-01-24T09:28:11","date_gmt":"2025-01-24T08:28:11","guid":{"rendered":"https:\/\/www.sams-industrie.fr\/product\/arbre-de-commande-courroie-reference-605-016-010\/"},"modified":"2025-02-19T11:36:34","modified_gmt":"2025-02-19T10:36:34","slug":"arbre-de-commande-courroie-reference-605-016-010","status":"publish","type":"product","link":"https:\/\/www.sams-industrie.fr\/en\/product\/arbre-de-commande-courroie-reference-605-016-010\/","title":{"rendered":"Belt drive shaft<br> Reference 605-016-010"},"content":{"rendered":"","protected":false},"excerpt":{"rendered":"<p>RAPIDEX RAPIDLINE 10<br \/> R\u00e9f\u00e9rence constructeur : 605-016-010<br \/> R\u00e9f\u00e9rences \u00e9quivalentes : 605016010 \/ M605016010 \/ RAP605016010<\/p>","protected":false},"featured_media":0,"comment_status":"open","ping_status":"closed","template":"","meta":[],"_links":{"self":[{"href":"https:\/\/www.sams-industrie.fr\/en\/wp-json\/wp\/v2\/product\/8488"}],"collection":[{"href":"https:\/\/www.sams-industrie.fr\/en\/wp-json\/wp\/v2\/product"}],"about":[{"href":"https:\/\/www.sams-industrie.fr\/en\/wp-json\/wp\/v2\/types\/product"}],"replies":[{"embeddable":true,"href":"https:\/\/www.sams-industrie.fr\/en\/wp-json\/wp\/v2\/comments?post=8488"}],"wp:attachment":[{"href":"https:\/\/www.sams-industrie.fr\/en\/wp-json\/wp\/v2\/media?parent=8488"}],"curies":[{"name":"wp","href":"https:\/\/api.w.org\/{rel}","templated":true}]}}